{"id":7671,"date":"2020-06-10T15:01:52","date_gmt":"2020-06-10T14:01:52","guid":{"rendered":"https:\/\/northcare.ch\/information\/vergangene-events\/"},"modified":"2025-10-28T13:54:47","modified_gmt":"2025-10-28T12:54:47","slug":"vergangene-events","status":"publish","type":"page","link":"https:\/\/northcare.ch\/fr\/information\/vergangene-events\/","title":{"rendered":"Vergangene Events"},"content":{"rendered":"\t\t<div data-elementor-type=\"wp-post\" data-elementor-id=\"7671\" class=\"elementor elementor-7671 elementor-4232\" data-elementor-post-type=\"page\">\n\t\t\t\t\t\t<section class=\"elementor-section elementor-top-section elementor-element elementor-element-9124431 elementor-section-boxed elementor-section-height-default elementor-section-height-default\" data-id=\"9124431\" data-element_type=\"section\" data-e-type=\"section\">\n\t\t\t\t\t\t<div class=\"elementor-container elementor-column-gap-default\">\n\t\t\t\t\t<div class=\"elementor-column elementor-col-100 elementor-top-column elementor-element elementor-element-9b996c7\" data-id=\"9b996c7\" data-element_type=\"column\" data-e-type=\"column\">\n\t\t\t<div class=\"elementor-widget-wrap elementor-element-populated\">\n\t\t\t\t\t\t<div class=\"elementor-element elementor-element-b9e9edc elementor-widget elementor-widget-heading\" data-id=\"b9e9edc\" data-element_type=\"widget\" data-e-type=\"widget\" data-widget_type=\"heading.default\">\n\t\t\t\t<div class=\"elementor-widget-container\">\n\t\t\t\t\t<h1 class=\"elementor-heading-title elementor-size-default\">Durchgef\u00fchrte Kongresse und Events\n<\/h1>\t\t\t\t<\/div>\n\t\t\t\t<\/div>\n\t\t\t\t\t<\/div>\n\t\t<\/div>\n\t\t\t\t\t<\/div>\n\t\t<\/section>\n\t\t\t\t<section class=\"elementor-section elementor-top-section elementor-element elementor-element-b381581 elementor-section-boxed elementor-section-height-default elementor-section-height-default\" data-id=\"b381581\" data-element_type=\"section\" data-e-type=\"section\">\n\t\t\t\t\t\t<div class=\"elementor-container elementor-column-gap-default\">\n\t\t\t\t\t<div class=\"elementor-column elementor-col-100 elementor-top-column elementor-element elementor-element-815bb02\" data-id=\"815bb02\" data-element_type=\"column\" data-e-type=\"column\">\n\t\t\t<div class=\"elementor-widget-wrap elementor-element-populated\">\n\t\t\t\t\t\t<div class=\"elementor-element elementor-element-80398aa elementor-widget elementor-widget-text-editor\" data-id=\"80398aa\" data-element_type=\"widget\" data-e-type=\"widget\" data-widget_type=\"text-editor.default\">\n\t\t\t\t<div class=\"elementor-widget-container\">\n\t\t\t\t\t\t\t\t\t<p>Vielen Dank f\u00fcr Ihren Besuch an unserem Stand oder Workshop!<\/p>\t\t\t\t\t\t\t\t<\/div>\n\t\t\t\t<\/div>\n\t\t\t\t\t<\/div>\n\t\t<\/div>\n\t\t\t\t\t<\/div>\n\t\t<\/section>\n\t\t\t\t<section class=\"elementor-section elementor-top-section elementor-element elementor-element-5e5d893 elementor-section-boxed elementor-section-height-default elementor-section-height-default\" data-id=\"5e5d893\" data-element_type=\"section\" data-e-type=\"section\">\n\t\t\t\t\t\t<div class=\"elementor-container elementor-column-gap-default\">\n\t\t\t\t\t<div class=\"elementor-column elementor-col-100 elementor-top-column elementor-element elementor-element-80c54a2\" data-id=\"80c54a2\" data-element_type=\"column\" data-e-type=\"column\">\n\t\t\t<div class=\"elementor-widget-wrap elementor-element-populated\">\n\t\t\t\t\t\t<div class=\"elementor-element elementor-element-4355fe2 elementor-widget elementor-widget-heading\" data-id=\"4355fe2\" data-element_type=\"widget\" data-e-type=\"widget\" data-widget_type=\"heading.default\">\n\t\t\t\t<div class=\"elementor-widget-container\">\n\t\t\t\t\t<h3 class=\"elementor-heading-title elementor-size-default\">2024<\/h3>\t\t\t\t<\/div>\n\t\t\t\t<\/div>\n\t\t\t\t\t<\/div>\n\t\t<\/div>\n\t\t\t\t\t<\/div>\n\t\t<\/section>\n\t\t\t\t<section class=\"elementor-section elementor-top-section elementor-element elementor-element-71b547a elementor-section-boxed elementor-section-height-default elementor-section-height-default\" data-id=\"71b547a\" data-element_type=\"section\" data-e-type=\"section\">\n\t\t\t\t\t\t<div class=\"elementor-container elementor-column-gap-default\">\n\t\t\t\t\t<div class=\"elementor-column elementor-col-100 elementor-top-column elementor-element elementor-element-4a63d04\" data-id=\"4a63d04\" data-element_type=\"column\" data-e-type=\"column\">\n\t\t\t<div class=\"elementor-widget-wrap elementor-element-populated\">\n\t\t\t\t\t\t<div class=\"elementor-element elementor-element-afb9c2e elementor-widget elementor-widget-heading\" data-id=\"afb9c2e\" data-element_type=\"widget\" data-e-type=\"widget\" data-widget_type=\"heading.default\">\n\t\t\t\t<div class=\"elementor-widget-container\">\n\t\t\t\t\t<h4 class=\"elementor-heading-title elementor-size-default\">Swiss Abilities 2024<\/h4>\t\t\t\t<\/div>\n\t\t\t\t<\/div>\n\t\t\t\t<div class=\"elementor-element elementor-element-c0d0b8f elementor-widget elementor-widget-text-editor\" data-id=\"c0d0b8f\" data-element_type=\"widget\" data-e-type=\"widget\" data-widget_type=\"text-editor.default\">\n\t\t\t\t<div class=\"elementor-widget-container\">\n\t\t\t\t\t\t\t\t\t<p>Die Messe mit Impulsen f\u00fcr ein selbstbestimmtes Leben<br>Die Swiss Abilities ist die nationale Messe zur F\u00f6rderung eines selbstbestimmten Lebens. Sie zeigt die Vielfalt, unterst\u00fctzt die Gleichstellung und st\u00e4rkt die Teilhabe von Menschen mit besonderen F\u00e4higkeiten und Bed\u00fcrfnissen. <\/p>\n<p>Halle 2 Stand E 2129<br>Termin: 29. bis 30. November 2024, Messe Luzern<br>Weitere Infos: <a href=\"https:\/\/www.swiss-abilities.ch\/de\" target=\"_blank\" rel=\"noopener\">www.swiss-abilities.ch<\/a><\/p>\t\t\t\t\t\t\t\t<\/div>\n\t\t\t\t<\/div>\n\t\t\t\t<div class=\"elementor-element elementor-element-a125a43 elementor-widget elementor-widget-heading\" data-id=\"a125a43\" data-element_type=\"widget\" data-e-type=\"widget\" data-widget_type=\"heading.default\">\n\t\t\t\t<div class=\"elementor-widget-container\">\n\t\t\t\t\t<h4 class=\"elementor-heading-title elementor-size-default\">Symposium Geriatrie 2024<\/h4>\t\t\t\t<\/div>\n\t\t\t\t<\/div>\n\t\t\t\t<div class=\"elementor-element elementor-element-f0bb53c elementor-widget elementor-widget-text-editor\" data-id=\"f0bb53c\" data-element_type=\"widget\" data-e-type=\"widget\" data-widget_type=\"text-editor.default\">\n\t\t\t\t<div class=\"elementor-widget-container\">\n\t\t\t\t\t\t\t\t\t<p>Das Institut f\u00fcr Physiotherapie f\u00fchrt zusammen mit dem Institut f\u00fcr Ergotherapie und dem Kooperationspartner GERONTOLOGIE CH Fachgruppe Physiotherapie das vierte Symposium Geriatrie zum Thema \u00abAmbulante Integrierte Versorgung geriatrischer Patient:innen \u2013 Therapie und Technologie\u00bb durch.<br>Technowalk Aussteller<br>Termin: Samstag, \u200b\u200b\u200b\u200b\u200b\u200b16. November 2024<br>Lieu: ZHAW Z\u00fcrcher Hochschule f\u00fcr Angewandte Wissenschaften, Winterthur<br>Weitere Infos: <a href=\"https:\/\/www.zhaw.ch\/\" target=\"_blank\" rel=\"noopener\">www.zhaw.ch symposien-tagungen\/symposium-geriatrie<\/a><\/p>\t\t\t\t\t\t\t\t<\/div>\n\t\t\t\t<\/div>\n\t\t\t\t<div class=\"elementor-element elementor-element-08a40cd elementor-widget elementor-widget-heading\" data-id=\"08a40cd\" data-element_type=\"widget\" data-e-type=\"widget\" data-widget_type=\"heading.default\">\n\t\t\t\t<div class=\"elementor-widget-container\">\n\t\t\t\t\t<h4 class=\"elementor-heading-title elementor-size-default\">10. St. Galler Demenz-Kongress 2024<\/h4>\t\t\t\t<\/div>\n\t\t\t\t<\/div>\n\t\t\t\t<div class=\"elementor-element elementor-element-1db1559 elementor-widget elementor-widget-text-editor\" data-id=\"1db1559\" data-element_type=\"widget\" data-e-type=\"widget\" data-widget_type=\"text-editor.default\">\n\t\t\t\t<div class=\"elementor-widget-container\">\n\t\t\t\t\t\t\t\t\t<p>Thema \u201eWas braucht der Mensch? Leben mit Demenz in einer technisierten Welt\u201c<br>Termin: Mittwoch, 13. November 2024<br>Halle 2.0 Stand-Nr. 2.0.09<br>Ort: Olma Messen St.GallenWeitere Infos: <a href=\"https:\/\/demenzkongress.ch\/frontend\/index.php\" target=\"_blank\" rel=\"noopener\">www.demenzkongress.ch<\/a><\/p>\t\t\t\t\t\t\t\t<\/div>\n\t\t\t\t<\/div>\n\t\t\t\t<div class=\"elementor-element elementor-element-d9b7213 elementor-widget elementor-widget-heading\" data-id=\"d9b7213\" data-element_type=\"widget\" data-e-type=\"widget\" data-widget_type=\"heading.default\">\n\t\t\t\t<div class=\"elementor-widget-container\">\n\t\t\t\t\t<h4 class=\"elementor-heading-title elementor-size-default\">5. Nationale Fachtagung GERONTOLOGIE CH<\/h4>\t\t\t\t<\/div>\n\t\t\t\t<\/div>\n\t\t\t\t<div class=\"elementor-element elementor-element-9e0a498 elementor-widget elementor-widget-text-editor\" data-id=\"9e0a498\" data-element_type=\"widget\" data-e-type=\"widget\" data-widget_type=\"text-editor.default\">\n\t\t\t\t<div class=\"elementor-widget-container\">\n\t\t\t\t\t\t\t\t\t<p>\u00abTechnologien f\u00fcr Lebensqualit\u00e4t im Alter: eine interprofessionelle Tour d\u2019Horizon\u00bb <br>Termin: Donnerstag, 5. September 2024<br>Ort: Hotel National, Hirschengraben 24, 3011 Bern<br>Weitere Infos: <a href=\"https:\/\/www.gerontologie.ch\/\" target=\"_blank\" rel=\"noopener\">www.gerontologie.ch<\/a><\/p>\t\t\t\t\t\t\t\t<\/div>\n\t\t\t\t<\/div>\n\t\t\t\t\t<\/div>\n\t\t<\/div>\n\t\t\t\t\t<\/div>\n\t\t<\/section>\n\t\t\t\t<\/div>\n\t\t","protected":false},"excerpt":{"rendered":"<p>Durchgef\u00fchrte Kongresse und Events Vielen Dank f\u00fcr Ihren Besuch an unserem Stand oder Workshop! 2024 Swiss Abilities 2024 Die Messe mit Impulsen f\u00fcr ein selbstbestimmtes LebenDie Swiss Abilities ist die nationale Messe zur F\u00f6rderung eines selbstbestimmten Lebens. Sie zeigt die Vielfalt, unterst\u00fctzt die Gleichstellung und st\u00e4rkt die Teilhabe von Menschen mit besonderen F\u00e4higkeiten und Bed\u00fcrfnissen. [&hellip;]<\/p>\n","protected":false},"author":1,"featured_media":0,"parent":1007,"menu_order":0,"comment_status":"closed","ping_status":"closed","template":"","meta":{"_seopress_robots_primary_cat":"","_seopress_titles_title":"","_seopress_titles_desc":"","_seopress_robots_index":"","inline_featured_image":false,"site-sidebar-layout":"no-sidebar","site-content-layout":"page-builder","ast-site-content-layout":"default","site-content-style":"default","site-sidebar-style":"default","ast-global-header-display":"","ast-banner-title-visibility":"","ast-main-header-display":"","ast-hfb-above-header-display":"","ast-hfb-below-header-display":"","ast-hfb-mobile-header-display":"","site-post-title":"disabled","ast-breadcrumbs-content":"","ast-featured-img":"","footer-sml-layout":"","ast-disable-related-posts":"","theme-transparent-header-meta":"default","adv-header-id-meta":"","stick-header-meta":"","header-above-stick-meta":"","header-main-stick-meta":"","header-below-stick-meta":"","astra-migrate-meta-layouts":"default","ast-page-background-enabled":"default","ast-page-background-meta":{"desktop":{"background-color":"","background-image":"","background-repeat":"repeat","background-position":"center center","background-size":"auto","background-attachment":"scroll","background-type":"","background-media":"","overlay-type":"","overlay-color":"","overlay-opacity":"","overlay-gradient":""},"tablet":{"background-color":"","background-image":"","background-repeat":"repeat","background-position":"center center","background-size":"auto","background-attachment":"scroll","background-type":"","background-media":"","overlay-type":"","overlay-color":"","overlay-opacity":"","overlay-gradient":""},"mobile":{"background-color":"","background-image":"","background-repeat":"repeat","background-position":"center center","background-size":"auto","background-attachment":"scroll","background-type":"","background-media":"","overlay-type":"","overlay-color":"","overlay-opacity":"","overlay-gradient":""}},"ast-content-background-meta":{"desktop":{"background-color":"var(--ast-global-color-5)","background-image":"","background-repeat":"repeat","background-position":"center center","background-size":"auto","background-attachment":"scroll","background-type":"","background-media":"","overlay-type":"","overlay-color":"","overlay-opacity":"","overlay-gradient":""},"tablet":{"background-color":"var(--ast-global-color-5)","background-image":"","background-repeat":"repeat","background-position":"center center","background-size":"auto","background-attachment":"scroll","background-type":"","background-media":"","overlay-type":"","overlay-color":"","overlay-opacity":"","overlay-gradient":""},"mobile":{"background-color":"var(--ast-global-color-5)","background-image":"","background-repeat":"repeat","background-position":"center center","background-size":"auto","background-attachment":"scroll","background-type":"","background-media":"","overlay-type":"","overlay-color":"","overlay-opacity":"","overlay-gradient":""}},"footnotes":""},"class_list":["post-7671","page","type-page","status-publish","hentry"],"_links":{"self":[{"href":"https:\/\/northcare.ch\/fr\/wp-json\/wp\/v2\/pages\/7671","targetHints":{"allow":["GET"]}}],"collection":[{"href":"https:\/\/northcare.ch\/fr\/wp-json\/wp\/v2\/pages"}],"about":[{"href":"https:\/\/northcare.ch\/fr\/wp-json\/wp\/v2\/types\/page"}],"author":[{"embeddable":true,"href":"https:\/\/northcare.ch\/fr\/wp-json\/wp\/v2\/users\/1"}],"replies":[{"embeddable":true,"href":"https:\/\/northcare.ch\/fr\/wp-json\/wp\/v2\/comments?post=7671"}],"version-history":[{"count":2,"href":"https:\/\/northcare.ch\/fr\/wp-json\/wp\/v2\/pages\/7671\/revisions"}],"predecessor-version":[{"id":15242,"href":"https:\/\/northcare.ch\/fr\/wp-json\/wp\/v2\/pages\/7671\/revisions\/15242"}],"up":[{"embeddable":true,"href":"https:\/\/northcare.ch\/fr\/wp-json\/wp\/v2\/pages\/1007"}],"wp:attachment":[{"href":"https:\/\/northcare.ch\/fr\/wp-json\/wp\/v2\/media?parent=7671"}],"curies":[{"name":"wp","href":"https:\/\/api.w.org\/{rel}","templated":true}]}}